{"id":89,"date":"2025-08-15T16:31:44","date_gmt":"2025-08-15T16:31:44","guid":{"rendered":"https:\/\/themarketyield.com\/?page_id=89"},"modified":"2026-04-02T17:32:30","modified_gmt":"2026-04-02T17:32:30","slug":"about","status":"publish","type":"page","link":"https:\/\/themarketyield.com\/fr\/about\/","title":{"rendered":"\u00c0 propos"},"content":{"rendered":"<p><strong><br><\/strong>Le monde regorge de termes complexes, de tendances changeantes et de promesses audacieuses. Chez The Market Yield, nous vous proposons une approche diff\u00e9rente\u00a0: un espace serein et pratique pour explorer les finances, les applications, le march\u00e9 du travail et m\u00eame des conseils de style de vie, sans pression, sans distraction ni techniques de vente agressives.<\/p>\n\n\n\n<p>Our platform is built for readers who want to understand the tools, strategies, and systems behind financial and personal growth. Whether you&#8217;re exploring your first mutual fund, comparing asset types, or just searching for entertainment, apps, and lifestyle tips, we provide content to guide your learning process.<\/p>\n\n\n\n<p>We\u2019re here to help you make sense of the big picture\u2014one topic at a time!<\/p>\n\n\n\n<h2 class=\"wp-block-heading\">Ce que vous trouverez ici<\/h2>\n\n\n\n<p>At The Market Yield, we write to inform, not to sell. Our articles are designed to help you explore a variety of topics at your own pace.<\/p>\n\n\n\n<p><strong>Voici ce \u00e0 quoi vous pouvez vous attendre\u00a0:<\/strong><\/p>\n\n\n\n<ul>\n<li><strong>Clear, structured guides: <\/strong>We cover how things work \u2014 without suggesting whether you should choose something or not.<\/li>\n<\/ul>\n\n\n\n<ul>\n<li><strong>Educational content: <\/strong> our writers explain key concepts in approachable language, using real-world examples whenever possible.<\/li>\n<\/ul>\n\n\n\n<ul>\n<li><strong>Neutral reviews of tools, apps and platforms: <\/strong>We highlight features, use cases, and limitations of various platforms\u2014so you know what\u2019s out there, without hidden agendas.<\/li>\n<\/ul>\n\n\n\n<p>We\u2019re always expanding our library of content based on what readers want to know. If you&#8217;re curious \u2014we\u2019re here to help make it clearer.<\/p>\n\n\n\n<h2 class=\"wp-block-heading\">Comment nous cr\u00e9ons du contenu<\/h2>\n\n\n\n<p>Nos r\u00e9dacteurs sont issus d&#039;horizons divers, mais partagent tous le m\u00eame souci de clart\u00e9, d&#039;honn\u00eatet\u00e9 et d&#039;utilit\u00e9. Nous menons des recherches approfondies, nous expliquons simplement et nous r\u00e9visons r\u00e9guli\u00e8rement nos contenus afin de garantir leur exactitude et leur pertinence.<\/p>\n\n\n\n<p>Nous privil\u00e9gions\u00a0:<\/p>\n\n\n\n<ul>\n<li><strong>R\u00e9daction en langage clair\u00a0: <\/strong>Notre objectif est de d\u00e9mystifier, pas de compliquer.<\/li>\n\n\n\n<li><strong>Transparence:<\/strong> Every topic we cover is selected based on its value to readers.<\/li>\n\n\n\n<li><strong>\u00c9quilibre:<\/strong> Nous explorons diff\u00e9rents points de vue sans privil\u00e9gier une seule voie.<\/li>\n<\/ul>\n\n\n\n<h2 class=\"wp-block-heading\">Ce que nous ne faisons pas (et pourquoi c&#039;est important)<\/h2>\n\n\n\n<p>The Market Yield is not a financial advisory service, investment platform, or sales channel. We do not sell, promote, or recommend any products. We do not receive commissions or payments in exchange for coverage.<\/p>\n\n\n\n<p><strong>Nous ne faisons pas :<\/strong><\/p>\n\n\n\n<ul>\n<li>Nous vous proposons des conseils financiers adapt\u00e9s \u00e0 votre situation.<\/li>\n\n\n\n<li>Recommend specific products or apps;<\/li>\n\n\n\n<li>Garantir les r\u00e9sultats ou les rendements\u00a0;<\/li>\n\n\n\n<li>Participer \u00e0 des programmes d&#039;affiliation ou \u00e0 des parrainages de produits\u00a0;<\/li>\n\n\n\n<li>Repr\u00e9senter toute soci\u00e9t\u00e9 ou institution financi\u00e8re.<\/li>\n<\/ul>\n\n\n\n<p>All content on this site is for informational purposes only. <\/p>\n\n\n\n<p><strong>By using this site, you acknowledge that The Market Yield is not responsible for any decisions, gains, or losses based on the information provided.<\/strong><\/p>\n\n\n\n<h2 class=\"wp-block-heading\">Un espace pour des questions plus intelligentes<\/h2>\n\n\n\n<p>We believe that informed choices come from asking better questions, and we aim to help you ask them.<\/p>\n\n\n\n<p>Si vous \u00eates lass\u00e9 des titres sensationnalistes, des promesses vagues ou des recommandations partiales, The Market Yield vous offre une alternative sereine. Un lieu pour apprendre, r\u00e9fl\u00e9chir et progresser \u00e0 votre rythme.<\/p>\n\n\n\n<p>Merci d&#039;avoir fait partie de cette aventure.<\/p>","protected":false},"excerpt":{"rendered":"<p>The world is full of complex terms, shifting trends, and bold promises. At The Market Yield, we offer something different: a calm, practical place to explore finances, apps, work market, and even lifestyle tips\u2014without pressure, noise, or sales tactics. Our platform is built for readers who want to understand the tools, strategies, and systems behind [&hellip;]<\/p>","protected":false},"author":44,"featured_media":0,"parent":0,"menu_order":0,"comment_status":"closed","ping_status":"closed","template":"","meta":{"site-sidebar-layout":"default","site-content-layout":"","ast-site-content-layout":"","site-content-style":"default","site-sidebar-style":"default","ast-global-header-display":"","ast-banner-title-visibility":"","ast-main-header-display":"","ast-hfb-above-header-display":"","ast-hfb-below-header-display":"","ast-hfb-mobile-header-display":"","site-post-title":"","ast-breadcrumbs-content":"","ast-featured-img":"","footer-sml-layout":"","theme-transparent-header-meta":"","adv-header-id-meta":"","stick-header-meta":"","header-above-stick-meta":"","header-main-stick-meta":"","header-below-stick-meta":"","astra-migrate-meta-layouts":"default","ast-page-background-enabled":"default","ast-page-background-meta":{"desktop":{"background-color":"var(--ast-global-color-4)","background-image":"","background-repeat":"repeat","background-position":"center center","background-size":"auto","background-attachment":"scroll","background-type":"","background-media":"","overlay-type":"","overlay-color":"","overlay-opacity":"","overlay-gradient":""},"tablet":{"background-color":"","background-image":"","background-repeat":"repeat","background-position":"center center","background-size":"auto","background-attachment":"scroll","background-type":"","background-media":"","overlay-type":"","overlay-color":"","overlay-opacity":"","overlay-gradient":""},"mobile":{"background-color":"","background-image":"","background-repeat":"repeat","background-position":"center center","background-size":"auto","background-attachment":"scroll","background-type":"","background-media":"","overlay-type":"","overlay-color":"","overlay-opacity":"","overlay-gradient":""}},"ast-content-background-meta":{"desktop":{"background-color":"var(--ast-global-color-5)","background-image":"","background-repeat":"repeat","background-position":"center center","background-size":"auto","background-attachment":"scroll","background-type":"","background-media":"","overlay-type":"","overlay-color":"","overlay-opacity":"","overlay-gradient":""},"tablet":{"background-color":"var(--ast-global-color-5)","background-image":"","background-repeat":"repeat","background-position":"center center","background-size":"auto","background-attachment":"scroll","background-type":"","background-media":"","overlay-type":"","overlay-color":"","overlay-opacity":"","overlay-gradient":""},"mobile":{"background-color":"var(--ast-global-color-5)","background-image":"","background-repeat":"repeat","background-position":"center center","background-size":"auto","background-attachment":"scroll","background-type":"","background-media":"","overlay-type":"","overlay-color":"","overlay-opacity":"","overlay-gradient":""}},"footnotes":""},"yoast_head":"<!-- This site is optimized with the Yoast SEO plugin v23.3 - https:\/\/yoast.com\/wordpress\/plugins\/seo\/ -->\n<title>About - The Market Yield<\/title>\n<meta name=\"robots\" content=\"index, follow, max-snippet:-1, max-image-preview:large, max-video-preview:-1\" \/>\n<link rel=\"canonical\" href=\"https:\/\/themarketyield.com\/fr\/about\/\" \/>\n<meta property=\"og:locale\" content=\"fr_FR\" \/>\n<meta property=\"og:type\" content=\"article\" \/>\n<meta property=\"og:title\" content=\"About - The Market Yield\" \/>\n<meta property=\"og:description\" content=\"The world is full of complex terms, shifting trends, and bold promises. At The Market Yield, we offer something different: a calm, practical place to explore finances, apps, work market, and even lifestyle tips\u2014without pressure, noise, or sales tactics. Our platform is built for readers who want to understand the tools, strategies, and systems behind [&hellip;]\" \/>\n<meta property=\"og:url\" content=\"https:\/\/themarketyield.com\/fr\/about\/\" \/>\n<meta property=\"og:site_name\" content=\"The Market Yield\" \/>\n<meta property=\"article:modified_time\" content=\"2026-04-02T17:32:30+00:00\" \/>\n<meta name=\"twitter:card\" content=\"summary_large_image\" \/>\n<meta name=\"twitter:label1\" content=\"Est. reading time\" \/>\n\t<meta name=\"twitter:data1\" content=\"3 minutes\" \/>\n<script type=\"application\/ld+json\" class=\"yoast-schema-graph\">{\"@context\":\"https:\/\/schema.org\",\"@graph\":[{\"@type\":\"WebPage\",\"@id\":\"https:\/\/themarketyield.com\/about\/\",\"url\":\"https:\/\/themarketyield.com\/about\/\",\"name\":\"About - The Market Yield\",\"isPartOf\":{\"@id\":\"https:\/\/themarketyield.com\/#website\"},\"datePublished\":\"2025-08-15T16:31:44+00:00\",\"dateModified\":\"2026-04-02T17:32:30+00:00\",\"breadcrumb\":{\"@id\":\"https:\/\/themarketyield.com\/about\/#breadcrumb\"},\"inLanguage\":\"fr-FR\",\"potentialAction\":[{\"@type\":\"ReadAction\",\"target\":[\"https:\/\/themarketyield.com\/about\/\"]}]},{\"@type\":\"BreadcrumbList\",\"@id\":\"https:\/\/themarketyield.com\/about\/#breadcrumb\",\"itemListElement\":[{\"@type\":\"ListItem\",\"position\":1,\"name\":\"Home\",\"item\":\"https:\/\/themarketyield.com\/\"},{\"@type\":\"ListItem\",\"position\":2,\"name\":\"About\"}]},{\"@type\":\"WebSite\",\"@id\":\"https:\/\/themarketyield.com\/#website\",\"url\":\"https:\/\/themarketyield.com\/\",\"name\":\"The Market Yield\",\"description\":\"\",\"publisher\":{\"@id\":\"https:\/\/themarketyield.com\/#organization\"},\"potentialAction\":[{\"@type\":\"SearchAction\",\"target\":{\"@type\":\"EntryPoint\",\"urlTemplate\":\"https:\/\/themarketyield.com\/?s={search_term_string}\"},\"query-input\":\"required name=search_term_string\"}],\"inLanguage\":\"fr-FR\"},{\"@type\":\"Organization\",\"@id\":\"https:\/\/themarketyield.com\/#organization\",\"name\":\"The Market Yield\",\"url\":\"https:\/\/themarketyield.com\/\",\"logo\":{\"@type\":\"ImageObject\",\"inLanguage\":\"fr-FR\",\"@id\":\"https:\/\/themarketyield.com\/#\/schema\/logo\/image\/\",\"url\":\"https:\/\/themarketyield.com\/wp-content\/uploads\/sites\/425\/2025\/11\/cropped-Logo-The-Market-Yield-1.png\",\"contentUrl\":\"https:\/\/themarketyield.com\/wp-content\/uploads\/sites\/425\/2025\/11\/cropped-Logo-The-Market-Yield-1.png\",\"width\":600,\"height\":599,\"caption\":\"The Market Yield\"},\"image\":{\"@id\":\"https:\/\/themarketyield.com\/#\/schema\/logo\/image\/\"}}]}<\/script>\n<!-- \/ Yoast SEO plugin. -->","yoast_head_json":{"title":"About - The Market Yield","robots":{"index":"index","follow":"follow","max-snippet":"max-snippet:-1","max-image-preview":"max-image-preview:large","max-video-preview":"max-video-preview:-1"},"canonical":"https:\/\/themarketyield.com\/fr\/about\/","og_locale":"fr_FR","og_type":"article","og_title":"About - The Market Yield","og_description":"The world is full of complex terms, shifting trends, and bold promises. At The Market Yield, we offer something different: a calm, practical place to explore finances, apps, work market, and even lifestyle tips\u2014without pressure, noise, or sales tactics. Our platform is built for readers who want to understand the tools, strategies, and systems behind [&hellip;]","og_url":"https:\/\/themarketyield.com\/fr\/about\/","og_site_name":"The Market Yield","article_modified_time":"2026-04-02T17:32:30+00:00","twitter_card":"summary_large_image","twitter_misc":{"Est. reading time":"3 minutes"},"schema":{"@context":"https:\/\/schema.org","@graph":[{"@type":"WebPage","@id":"https:\/\/themarketyield.com\/about\/","url":"https:\/\/themarketyield.com\/about\/","name":"About - The Market Yield","isPartOf":{"@id":"https:\/\/themarketyield.com\/#website"},"datePublished":"2025-08-15T16:31:44+00:00","dateModified":"2026-04-02T17:32:30+00:00","breadcrumb":{"@id":"https:\/\/themarketyield.com\/about\/#breadcrumb"},"inLanguage":"fr-FR","potentialAction":[{"@type":"ReadAction","target":["https:\/\/themarketyield.com\/about\/"]}]},{"@type":"BreadcrumbList","@id":"https:\/\/themarketyield.com\/about\/#breadcrumb","itemListElement":[{"@type":"ListItem","position":1,"name":"Home","item":"https:\/\/themarketyield.com\/"},{"@type":"ListItem","position":2,"name":"About"}]},{"@type":"WebSite","@id":"https:\/\/themarketyield.com\/#website","url":"https:\/\/themarketyield.com\/","name":"The Market Yield","description":"","publisher":{"@id":"https:\/\/themarketyield.com\/#organization"},"potentialAction":[{"@type":"SearchAction","target":{"@type":"EntryPoint","urlTemplate":"https:\/\/themarketyield.com\/?s={search_term_string}"},"query-input":"required name=search_term_string"}],"inLanguage":"fr-FR"},{"@type":"Organization","@id":"https:\/\/themarketyield.com\/#organization","name":"The Market Yield","url":"https:\/\/themarketyield.com\/","logo":{"@type":"ImageObject","inLanguage":"fr-FR","@id":"https:\/\/themarketyield.com\/#\/schema\/logo\/image\/","url":"https:\/\/themarketyield.com\/wp-content\/uploads\/sites\/425\/2025\/11\/cropped-Logo-The-Market-Yield-1.png","contentUrl":"https:\/\/themarketyield.com\/wp-content\/uploads\/sites\/425\/2025\/11\/cropped-Logo-The-Market-Yield-1.png","width":600,"height":599,"caption":"The Market Yield"},"image":{"@id":"https:\/\/themarketyield.com\/#\/schema\/logo\/image\/"}}]}},"_links":{"self":[{"href":"https:\/\/themarketyield.com\/fr\/wp-json\/wp\/v2\/pages\/89"}],"collection":[{"href":"https:\/\/themarketyield.com\/fr\/wp-json\/wp\/v2\/pages"}],"about":[{"href":"https:\/\/themarketyield.com\/fr\/wp-json\/wp\/v2\/types\/page"}],"author":[{"embeddable":true,"href":"https:\/\/themarketyield.com\/fr\/wp-json\/wp\/v2\/users\/44"}],"replies":[{"embeddable":true,"href":"https:\/\/themarketyield.com\/fr\/wp-json\/wp\/v2\/comments?post=89"}],"version-history":[{"count":4,"href":"https:\/\/themarketyield.com\/fr\/wp-json\/wp\/v2\/pages\/89\/revisions"}],"predecessor-version":[{"id":7264,"href":"https:\/\/themarketyield.com\/fr\/wp-json\/wp\/v2\/pages\/89\/revisions\/7264"}],"wp:attachment":[{"href":"https:\/\/themarketyield.com\/fr\/wp-json\/wp\/v2\/media?parent=89"}],"curies":[{"name":"wp","href":"https:\/\/api.w.org\/{rel}","templated":true}]}}