{"id":2,"date":"2025-07-07T11:59:53","date_gmt":"2025-07-07T11:59:53","guid":{"rendered":"http:\/\/themarketyield.wordpress.activeview.io\/?page_id=2"},"modified":"2025-07-07T11:59:53","modified_gmt":"2025-07-07T11:59:53","slug":"sample-page","status":"publish","type":"page","link":"https:\/\/themarketyield.com\/de\/sample-page\/","title":{"rendered":"Beispielseite"},"content":{"rendered":"<p>Dies ist eine Beispielseite. Sie unterscheidet sich von einem Blogbeitrag, da sie statisch ist und in der Navigation Ihrer Website (bei den meisten Themes) angezeigt wird. Viele beginnen mit einer \u201e\u00dcber mich\u201c-Seite, auf der sie sich potenziellen Website-Besuchern vorstellen. Sie k\u00f6nnte beispielsweise so aussehen:<\/p>\n\n\n\n<blockquote class=\"wp-block-quote\"><p>Hallo! Ich bin tags\u00fcber Fahrradkurier, abends angehender Schauspieler, und das ist meine Website. Ich lebe in Los Angeles, habe einen tollen Hund namens Jack und mag Pi\u00f1a Coladas. (Und im Regen erwischt zu werden.)<\/p><\/blockquote>\n\n\n\n<p>\u2026oder so \u00e4hnlich:<\/p>\n\n\n\n<blockquote class=\"wp-block-quote\"><p>Die XYZ Doohickey Company wurde 1971 gegr\u00fcndet und bietet seitdem hochwertige Doohickeys an. Das Unternehmen mit Sitz in Gotham City besch\u00e4ftigt \u00fcber 2.000 Mitarbeiter und engagiert sich auf vielf\u00e4ltige Weise f\u00fcr die Gemeinschaft von Gotham.<\/p><\/blockquote>\n\n\n\n<p>Als neuer WordPress-Nutzer sollten Sie zu <a href=\"http:\/\/themarketyield.wordpress.activeview.io\/wp-admin\/\">Ihr Dashboard<\/a> Diese Seite l\u00f6schen und neue Seiten f\u00fcr Ihre Inhalte erstellen. Viel Spa\u00df!<\/p>","protected":false},"excerpt":{"rendered":"<p>This is an example page. It&#8217;s different from a blog post because it will stay in one place and will show up in your site navigation (in most themes). Most people start with an About page that introduces them to potential site visitors. It might say something like this: Hi there! I&#8217;m a bike messenger [&hellip;]<\/p>","protected":false},"author":3,"featured_media":0,"parent":0,"menu_order":0,"comment_status":"closed","ping_status":"open","template":"","meta":{"site-sidebar-layout":"default","site-content-layout":"","ast-site-content-layout":"","site-content-style":"default","site-sidebar-style":"default","ast-global-header-display":"","ast-banner-title-visibility":"","ast-main-header-display":"","ast-hfb-above-header-display":"","ast-hfb-below-header-display":"","ast-hfb-mobile-header-display":"","site-post-title":"","ast-breadcrumbs-content":"","ast-featured-img":"","footer-sml-layout":"","theme-transparent-header-meta":"","adv-header-id-meta":"","stick-header-meta":"","header-above-stick-meta":"","header-main-stick-meta":"","header-below-stick-meta":"","astra-migrate-meta-layouts":"default","ast-page-background-enabled":"default","ast-page-background-meta":{"desktop":{"background-color":"var(--ast-global-color-4)","background-image":"","background-repeat":"repeat","background-position":"center center","background-size":"auto","background-attachment":"scroll","background-type":"","background-media":"","overlay-type":"","overlay-color":"","overlay-opacity":"","overlay-gradient":""},"tablet":{"background-color":"","background-image":"","background-repeat":"repeat","background-position":"center center","background-size":"auto","background-attachment":"scroll","background-type":"","background-media":"","overlay-type":"","overlay-color":"","overlay-opacity":"","overlay-gradient":""},"mobile":{"background-color":"","background-image":"","background-repeat":"repeat","background-position":"center center","background-size":"auto","background-attachment":"scroll","background-type":"","background-media":"","overlay-type":"","overlay-color":"","overlay-opacity":"","overlay-gradient":""}},"ast-content-background-meta":{"desktop":{"background-color":"var(--ast-global-color-5)","background-image":"","background-repeat":"repeat","background-position":"center center","background-size":"auto","background-attachment":"scroll","background-type":"","background-media":"","overlay-type":"","overlay-color":"","overlay-opacity":"","overlay-gradient":""},"tablet":{"background-color":"var(--ast-global-color-5)","background-image":"","background-repeat":"repeat","background-position":"center center","background-size":"auto","background-attachment":"scroll","background-type":"","background-media":"","overlay-type":"","overlay-color":"","overlay-opacity":"","overlay-gradient":""},"mobile":{"background-color":"var(--ast-global-color-5)","background-image":"","background-repeat":"repeat","background-position":"center center","background-size":"auto","background-attachment":"scroll","background-type":"","background-media":"","overlay-type":"","overlay-color":"","overlay-opacity":"","overlay-gradient":""}},"footnotes":""},"yoast_head":"<!-- This site is optimized with the Yoast SEO plugin v23.3 - https:\/\/yoast.com\/wordpress\/plugins\/seo\/ -->\n<title>Sample Page - The Market Yield<\/title>\n<meta name=\"robots\" content=\"index, follow, max-snippet:-1, max-image-preview:large, max-video-preview:-1\" \/>\n<link rel=\"canonical\" href=\"https:\/\/themarketyield.com\/de\/sample-page\/\" \/>\n<meta property=\"og:locale\" content=\"de_DE\" \/>\n<meta property=\"og:type\" content=\"article\" \/>\n<meta property=\"og:title\" content=\"Sample Page - The Market Yield\" \/>\n<meta property=\"og:description\" content=\"This is an example page. It&#8217;s different from a blog post because it will stay in one place and will show up in your site navigation (in most themes). Most people start with an About page that introduces them to potential site visitors. It might say something like this: Hi there! I&#8217;m a bike messenger [&hellip;]\" \/>\n<meta property=\"og:url\" content=\"https:\/\/themarketyield.com\/de\/sample-page\/\" \/>\n<meta property=\"og:site_name\" content=\"The Market Yield\" \/>\n<meta name=\"twitter:card\" content=\"summary_large_image\" \/>\n<meta name=\"twitter:label1\" content=\"Est. reading time\" \/>\n\t<meta name=\"twitter:data1\" content=\"1 Minute\" \/>\n<script type=\"application\/ld+json\" class=\"yoast-schema-graph\">{\"@context\":\"https:\/\/schema.org\",\"@graph\":[{\"@type\":\"WebPage\",\"@id\":\"https:\/\/themarketyield.com\/sample-page\/\",\"url\":\"https:\/\/themarketyield.com\/sample-page\/\",\"name\":\"Sample Page - The Market Yield\",\"isPartOf\":{\"@id\":\"https:\/\/themarketyield.com\/#website\"},\"datePublished\":\"2025-07-07T11:59:53+00:00\",\"dateModified\":\"2025-07-07T11:59:53+00:00\",\"breadcrumb\":{\"@id\":\"https:\/\/themarketyield.com\/sample-page\/#breadcrumb\"},\"inLanguage\":\"de-DE\",\"potentialAction\":[{\"@type\":\"ReadAction\",\"target\":[\"https:\/\/themarketyield.com\/sample-page\/\"]}]},{\"@type\":\"BreadcrumbList\",\"@id\":\"https:\/\/themarketyield.com\/sample-page\/#breadcrumb\",\"itemListElement\":[{\"@type\":\"ListItem\",\"position\":1,\"name\":\"Home\",\"item\":\"https:\/\/themarketyield.com\/\"},{\"@type\":\"ListItem\",\"position\":2,\"name\":\"Sample Page\"}]},{\"@type\":\"WebSite\",\"@id\":\"https:\/\/themarketyield.com\/#website\",\"url\":\"https:\/\/themarketyield.com\/\",\"name\":\"The Market Yield\",\"description\":\"\",\"publisher\":{\"@id\":\"https:\/\/themarketyield.com\/#organization\"},\"potentialAction\":[{\"@type\":\"SearchAction\",\"target\":{\"@type\":\"EntryPoint\",\"urlTemplate\":\"https:\/\/themarketyield.com\/?s={search_term_string}\"},\"query-input\":\"required name=search_term_string\"}],\"inLanguage\":\"de-DE\"},{\"@type\":\"Organization\",\"@id\":\"https:\/\/themarketyield.com\/#organization\",\"name\":\"The Market Yield\",\"url\":\"https:\/\/themarketyield.com\/\",\"logo\":{\"@type\":\"ImageObject\",\"inLanguage\":\"de-DE\",\"@id\":\"https:\/\/themarketyield.com\/#\/schema\/logo\/image\/\",\"url\":\"https:\/\/themarketyield.com\/wp-content\/uploads\/sites\/425\/2025\/11\/cropped-Logo-The-Market-Yield-1.png\",\"contentUrl\":\"https:\/\/themarketyield.com\/wp-content\/uploads\/sites\/425\/2025\/11\/cropped-Logo-The-Market-Yield-1.png\",\"width\":600,\"height\":599,\"caption\":\"The Market Yield\"},\"image\":{\"@id\":\"https:\/\/themarketyield.com\/#\/schema\/logo\/image\/\"}}]}<\/script>\n<!-- \/ Yoast SEO plugin. -->","yoast_head_json":{"title":"Sample Page - The Market Yield","robots":{"index":"index","follow":"follow","max-snippet":"max-snippet:-1","max-image-preview":"max-image-preview:large","max-video-preview":"max-video-preview:-1"},"canonical":"https:\/\/themarketyield.com\/de\/sample-page\/","og_locale":"de_DE","og_type":"article","og_title":"Sample Page - The Market Yield","og_description":"This is an example page. It&#8217;s different from a blog post because it will stay in one place and will show up in your site navigation (in most themes). Most people start with an About page that introduces them to potential site visitors. It might say something like this: Hi there! I&#8217;m a bike messenger [&hellip;]","og_url":"https:\/\/themarketyield.com\/de\/sample-page\/","og_site_name":"The Market Yield","twitter_card":"summary_large_image","twitter_misc":{"Est. reading time":"1 Minute"},"schema":{"@context":"https:\/\/schema.org","@graph":[{"@type":"WebPage","@id":"https:\/\/themarketyield.com\/sample-page\/","url":"https:\/\/themarketyield.com\/sample-page\/","name":"Sample Page - The Market Yield","isPartOf":{"@id":"https:\/\/themarketyield.com\/#website"},"datePublished":"2025-07-07T11:59:53+00:00","dateModified":"2025-07-07T11:59:53+00:00","breadcrumb":{"@id":"https:\/\/themarketyield.com\/sample-page\/#breadcrumb"},"inLanguage":"de-DE","potentialAction":[{"@type":"ReadAction","target":["https:\/\/themarketyield.com\/sample-page\/"]}]},{"@type":"BreadcrumbList","@id":"https:\/\/themarketyield.com\/sample-page\/#breadcrumb","itemListElement":[{"@type":"ListItem","position":1,"name":"Home","item":"https:\/\/themarketyield.com\/"},{"@type":"ListItem","position":2,"name":"Sample Page"}]},{"@type":"WebSite","@id":"https:\/\/themarketyield.com\/#website","url":"https:\/\/themarketyield.com\/","name":"The Market Yield","description":"","publisher":{"@id":"https:\/\/themarketyield.com\/#organization"},"potentialAction":[{"@type":"SearchAction","target":{"@type":"EntryPoint","urlTemplate":"https:\/\/themarketyield.com\/?s={search_term_string}"},"query-input":"required name=search_term_string"}],"inLanguage":"de-DE"},{"@type":"Organization","@id":"https:\/\/themarketyield.com\/#organization","name":"The Market Yield","url":"https:\/\/themarketyield.com\/","logo":{"@type":"ImageObject","inLanguage":"de-DE","@id":"https:\/\/themarketyield.com\/#\/schema\/logo\/image\/","url":"https:\/\/themarketyield.com\/wp-content\/uploads\/sites\/425\/2025\/11\/cropped-Logo-The-Market-Yield-1.png","contentUrl":"https:\/\/themarketyield.com\/wp-content\/uploads\/sites\/425\/2025\/11\/cropped-Logo-The-Market-Yield-1.png","width":600,"height":599,"caption":"The Market Yield"},"image":{"@id":"https:\/\/themarketyield.com\/#\/schema\/logo\/image\/"}}]}},"_links":{"self":[{"href":"https:\/\/themarketyield.com\/de\/wp-json\/wp\/v2\/pages\/2"}],"collection":[{"href":"https:\/\/themarketyield.com\/de\/wp-json\/wp\/v2\/pages"}],"about":[{"href":"https:\/\/themarketyield.com\/de\/wp-json\/wp\/v2\/types\/page"}],"author":[{"embeddable":true,"href":"https:\/\/themarketyield.com\/de\/wp-json\/wp\/v2\/users\/3"}],"replies":[{"embeddable":true,"href":"https:\/\/themarketyield.com\/de\/wp-json\/wp\/v2\/comments?post=2"}],"version-history":[{"count":0,"href":"https:\/\/themarketyield.com\/de\/wp-json\/wp\/v2\/pages\/2\/revisions"}],"wp:attachment":[{"href":"https:\/\/themarketyield.com\/de\/wp-json\/wp\/v2\/media?parent=2"}],"curies":[{"name":"wp","href":"https:\/\/api.w.org\/{rel}","templated":true}]}}